{"id":1187,"date":"2013-06-22T01:10:57","date_gmt":"2013-06-22T00:10:57","guid":{"rendered":"http:\/\/papimigas.wordpress.com\/?page_id=1"},"modified":"2026-04-14T19:27:18","modified_gmt":"2026-04-14T18:27:18","slug":"home","status":"publish","type":"page","link":"https:\/\/blog.papimigas.com\/","title":{"rendered":""},"content":{"rendered":"<p><img loading=\"lazy\" decoding=\"async\" class=\"aligncenter size-full wp-image-849\" src=\"https:\/\/blog.papimigas.com\/wp-content\/uploads\/2016\/10\/future.jpg\" alt=\"future\" width=\"691\" height=\"324\" \/><br \/>\nBem vindos ao meu blog.<br \/>\nCom mais de 20 anos de experi\u00eancia na \u00e1rea das TI, tenho a felicidade de viver numa era em que a tecnologia se tornou uma paix\u00e3o da Humanidade.<br \/>\nSou um ac\u00e9rrimo defensor do mundo Linux e ocupo os meus tempos livres na sua descoberta e conquista, ao mesmo tempo que tento usar os seus recursos no mundo profissional que me rodeia.<br \/>\nVou partilhando aqui essas mesmas descobertas e conquistas para colaborar no princ\u00edpio do Software Livre. Mas n\u00e3o se esque\u00e7am que \u201cLivre\u201d vem de Liberdade e n\u00e3o de Gratuito!<\/p>\n<p>Welcome to my blog.<br \/>\nWith over 20 years of experience in IT, I am privileged to live in an age where technology has become a passion of humanity.<br \/>\nI am a staunch defender of Linux world and I occupy my free time in their discovery and conquest, while trying to use their resources in the professional world that surrounds me.<br \/>\nHere I will share these same discoveries and achievements to collaborate on the principle of Free Software. But do not forget that \u201cfree\u201d comes from Freedom, not Free beer!<\/p>\n","protected":false},"excerpt":{"rendered":"<p>Bem vindos ao meu blog. Com mais de 20 anos de experi\u00eancia na \u00e1rea das TI, tenho a felicidade de viver numa era em que a tecnologia se tornou uma paix\u00e3o da Humanidade. Sou um ac\u00e9rrimo defensor do mundo Linux e ocupo os meus tempos livres na sua descoberta e conquista, ao mesmo tempo que &hellip; <a href=\"https:\/\/blog.papimigas.com\/\" class=\"more-link\">Continuar a ler<span class=\"screen-reader-text\"> &#8220;&#8221;<\/span><\/a><\/p>\n","protected":false},"author":1,"featured_media":0,"parent":0,"menu_order":0,"comment_status":"closed","ping_status":"closed","template":"","meta":{"footnotes":""},"class_list":["post-1187","page","type-page","status-publish","hentry"],"_links":{"self":[{"href":"https:\/\/blog.papimigas.com\/index.php\/wp-json\/wp\/v2\/pages\/1187","targetHints":{"allow":["GET"]}}],"collection":[{"href":"https:\/\/blog.papimigas.com\/index.php\/wp-json\/wp\/v2\/pages"}],"about":[{"href":"https:\/\/blog.papimigas.com\/index.php\/wp-json\/wp\/v2\/types\/page"}],"author":[{"embeddable":true,"href":"https:\/\/blog.papimigas.com\/index.php\/wp-json\/wp\/v2\/users\/1"}],"replies":[{"embeddable":true,"href":"https:\/\/blog.papimigas.com\/index.php\/wp-json\/wp\/v2\/comments?post=1187"}],"version-history":[{"count":1,"href":"https:\/\/blog.papimigas.com\/index.php\/wp-json\/wp\/v2\/pages\/1187\/revisions"}],"predecessor-version":[{"id":1222,"href":"https:\/\/blog.papimigas.com\/index.php\/wp-json\/wp\/v2\/pages\/1187\/revisions\/1222"}],"wp:attachment":[{"href":"https:\/\/blog.papimigas.com\/index.php\/wp-json\/wp\/v2\/media?parent=1187"}],"curies":[{"name":"wp","href":"https:\/\/api.w.org\/{rel}","templated":true}]}}